{"id":203,"date":"2026-04-06T13:41:06","date_gmt":"2026-04-06T13:41:06","guid":{"rendered":"https:\/\/docencia.msaludsgo.gov.ar\/?page_id=203"},"modified":"2026-04-06T15:49:50","modified_gmt":"2026-04-06T15:49:50","slug":"203-2","status":"publish","type":"page","link":"https:\/\/docencia.msaludsgo.gov.ar\/","title":{"rendered":"Residencias Provinciales en Ciencias de la Salud"},"content":{"rendered":"\n<div class=\"wp-block-query alignwide is-layout-flow wp-block-query-is-layout-flow\"><ul class=\"wp-block-post-template is-layout-flow wp-block-post-template-is-layout-flow\"><li class=\"wp-block-post post-183 post type-post status-publish format-standard has-post-thumbnail hentry tag-ciencias-de-la-salud tag-ministerio-de-salud-santiago-del-estero tag-residencias\">\n\n<div class=\"wp-block-columns alignwide is-layout-flex wp-container-core-columns-is-layout-28f84493 wp-block-columns-is-layout-flex\">\n<div class=\"wp-block-column is-layout-flow wp-block-column-is-layout-flow\" style=\"flex-basis:66.66%\"><figure class=\"wp-block-post-featured-image\"><a href=\"https:\/\/docencia.msaludsgo.gov.ar\/index.php\/2026\/04\/01\/especialidades-provinciales-en-concurso\/\" target=\"_self\"  ><img loading=\"lazy\" decoding=\"async\" width=\"620\" height=\"368\" src=\"https:\/\/docencia.msaludsgo.gov.ar\/wp-content\/uploads\/2026\/04\/cirugia-plastica-es-la-especialidad-medica-mas-dada-a-los-casoplones-2196_620x368.jpg\" class=\"attachment-post-thumbnail size-post-thumbnail wp-post-image\" alt=\"Cupos y Especialidades Provinciales en Concurso\" style=\"object-fit:cover;\" srcset=\"https:\/\/docencia.msaludsgo.gov.ar\/wp-content\/uploads\/2026\/04\/cirugia-plastica-es-la-especialidad-medica-mas-dada-a-los-casoplones-2196_620x368.jpg 620w, https:\/\/docencia.msaludsgo.gov.ar\/wp-content\/uploads\/2026\/04\/cirugia-plastica-es-la-especialidad-medica-mas-dada-a-los-casoplones-2196_620x368-300x178.jpg 300w\" sizes=\"auto, (max-width: 620px) 100vw, 620px\" \/><\/a><\/figure><\/div>\n\n\n\n<div class=\"wp-block-column is-layout-flow wp-block-column-is-layout-flow\" style=\"flex-basis:33.33%\"><h2 class=\"wp-block-post-title\"><a href=\"https:\/\/docencia.msaludsgo.gov.ar\/index.php\/2026\/04\/01\/especialidades-provinciales-en-concurso\/\" target=\"_self\" >Cupos y Especialidades Provinciales en Concurso<\/a><\/h2>\n\n<div class=\"wp-block-post-excerpt\"><p class=\"wp-block-post-excerpt__excerpt\">Conoc\u00e9 las Especialidades M\u00e9dicas, para Equipos de Salud y Post B\u00e1sicas del Sistema de Residencias Provincial ESPECIALIDADES M\u00c9DICAS BASICAS CUPOS Anestesiolog\u00eda&nbsp;\u2013 Hospital Regional Dr. Ram\u00f3n Carrillo 2 Cirug\u00eda General\u2013 Hospital Independencia 2 Cirug\u00eda General&nbsp;\u2013 Hospital Regional Dr. Ram\u00f3n Carrillo 2 Cirug\u00eda Infantil&nbsp;\u2013 Centro Provincial de Salud Infantil (CePSI) Eva Per\u00f3n 1 Cl\u00ednica M\u00e9dica&nbsp;\u2013 Hospital Independencia&hellip; <\/p><\/div><\/div>\n<\/div>\n\n<\/li><li class=\"wp-block-post post-161 post type-post status-publish format-standard has-post-thumbnail hentry tag-ciencias-de-la-salud tag-ministerio-de-salud-santiago-del-estero tag-residencias\">\n\n<div class=\"wp-block-columns alignwide is-layout-flex wp-container-core-columns-is-layout-28f84493 wp-block-columns-is-layout-flex\">\n<div class=\"wp-block-column is-layout-flow wp-block-column-is-layout-flow\" style=\"flex-basis:66.66%\"><figure class=\"wp-block-post-featured-image\"><a href=\"https:\/\/docencia.msaludsgo.gov.ar\/index.php\/2026\/03\/31\/cronograma-examen-de-ingreso-residencias-de-ciencias-de-la-salud-2026-2\/\" target=\"_self\"  ><img loading=\"lazy\" decoding=\"async\" width=\"650\" height=\"375\" src=\"https:\/\/docencia.msaludsgo.gov.ar\/wp-content\/uploads\/2026\/03\/Residencias-medicas-650x375-1.jpg\" class=\"attachment-post-thumbnail size-post-thumbnail wp-post-image\" alt=\"Cronograma Examen de Ingreso Residencias de Ciencias de la Salud 2026\" style=\"object-fit:cover;\" srcset=\"https:\/\/docencia.msaludsgo.gov.ar\/wp-content\/uploads\/2026\/03\/Residencias-medicas-650x375-1.jpg 650w, https:\/\/docencia.msaludsgo.gov.ar\/wp-content\/uploads\/2026\/03\/Residencias-medicas-650x375-1-300x173.jpg 300w\" sizes=\"auto, (max-width: 650px) 100vw, 650px\" \/><\/a><\/figure><\/div>\n\n\n\n<div class=\"wp-block-column is-layout-flow wp-block-column-is-layout-flow\" style=\"flex-basis:33.33%\"><h2 class=\"wp-block-post-title\"><a href=\"https:\/\/docencia.msaludsgo.gov.ar\/index.php\/2026\/03\/31\/cronograma-examen-de-ingreso-residencias-de-ciencias-de-la-salud-2026-2\/\" target=\"_self\" >Cronograma Examen de Ingreso Residencias de Ciencias de la Salud 2026<\/a><\/h2>\n\n<div class=\"wp-block-post-excerpt\"><p class=\"wp-block-post-excerpt__excerpt\">Conoc\u00e9 el Cronograma completo del Ingreso a las Residencias de Ciencias de la Salud en Santiago del Estero Actividad Fecha Inscripci\u00f3n y Aceptaci\u00f3n postulantes 13 al 30 de abril de 2026; Presentaci\u00f3n de documentaci\u00f3n de&nbsp;8 a 12 horas en el Departamento de Docencia Capacitaci\u00f3n e Investigaci\u00f3n &#8211;&nbsp; 3\u00b0 piso del Ministerio de salud de Santiago&hellip; <\/p><\/div><\/div>\n<\/div>\n\n<\/li><li class=\"wp-block-post post-155 post type-post status-publish format-standard has-post-thumbnail hentry category-uncategorized\">\n\n<div class=\"wp-block-columns alignwide is-layout-flex wp-container-core-columns-is-layout-28f84493 wp-block-columns-is-layout-flex\">\n<div class=\"wp-block-column is-layout-flow wp-block-column-is-layout-flow\" style=\"flex-basis:66.66%\"><figure class=\"wp-block-post-featured-image\"><a href=\"https:\/\/docencia.msaludsgo.gov.ar\/index.php\/2026\/03\/31\/bibliografia-examen-de-ingreso-residencias-de-ciencias-de-la-salud-2026\/\" target=\"_self\"  ><img loading=\"lazy\" decoding=\"async\" width=\"2508\" height=\"1672\" src=\"https:\/\/docencia.msaludsgo.gov.ar\/wp-content\/uploads\/2026\/03\/Libros-de-medicina-2.jpg\" class=\"attachment-post-thumbnail size-post-thumbnail wp-post-image\" alt=\"Bibliograf\u00eda Examen de Ingreso Residencias de Ciencias de la Salud 2026\" style=\"object-fit:cover;\" srcset=\"https:\/\/docencia.msaludsgo.gov.ar\/wp-content\/uploads\/2026\/03\/Libros-de-medicina-2.jpg 2508w, https:\/\/docencia.msaludsgo.gov.ar\/wp-content\/uploads\/2026\/03\/Libros-de-medicina-2-300x200.jpg 300w, https:\/\/docencia.msaludsgo.gov.ar\/wp-content\/uploads\/2026\/03\/Libros-de-medicina-2-768x512.jpg 768w\" sizes=\"auto, (max-width: 2508px) 100vw, 2508px\" \/><\/a><\/figure><\/div>\n\n\n\n<div class=\"wp-block-column is-layout-flow wp-block-column-is-layout-flow\" style=\"flex-basis:33.33%\"><h2 class=\"wp-block-post-title\"><a href=\"https:\/\/docencia.msaludsgo.gov.ar\/index.php\/2026\/03\/31\/bibliografia-examen-de-ingreso-residencias-de-ciencias-de-la-salud-2026\/\" target=\"_self\" >Bibliograf\u00eda Examen de Ingreso Residencias de Ciencias de la Salud 2026<\/a><\/h2>\n\n<div class=\"wp-block-post-excerpt\"><p class=\"wp-block-post-excerpt__excerpt\">Descarg\u00e1 toda la bibliograf\u00eda que necesitas para el Examen de Residencias 2026 Bibliograf\u00eda MEDICINA Bibliograf\u00eda ENFERMER\u00cdA Bibliograf\u00eda OBSTETRICIA Bibliograf\u00eda SALUD MENTAL &#8211; PSICOLOGIA CL\u00cdNICA <\/p><\/div><\/div>\n<\/div>\n\n<\/li><\/ul><\/div>\n","protected":false},"excerpt":{"rendered":"","protected":false},"author":3,"featured_media":0,"parent":2,"menu_order":0,"comment_status":"closed","ping_status":"closed","template":"template-frontpage.php","meta":{"footnotes":""},"class_list":["post-203","page","type-page","status-publish","hentry"],"_links":{"self":[{"href":"https:\/\/docencia.msaludsgo.gov.ar\/index.php\/wp-json\/wp\/v2\/pages\/203","targetHints":{"allow":["GET"]}}],"collection":[{"href":"https:\/\/docencia.msaludsgo.gov.ar\/index.php\/wp-json\/wp\/v2\/pages"}],"about":[{"href":"https:\/\/docencia.msaludsgo.gov.ar\/index.php\/wp-json\/wp\/v2\/types\/page"}],"author":[{"embeddable":true,"href":"https:\/\/docencia.msaludsgo.gov.ar\/index.php\/wp-json\/wp\/v2\/users\/3"}],"replies":[{"embeddable":true,"href":"https:\/\/docencia.msaludsgo.gov.ar\/index.php\/wp-json\/wp\/v2\/comments?post=203"}],"version-history":[{"count":15,"href":"https:\/\/docencia.msaludsgo.gov.ar\/index.php\/wp-json\/wp\/v2\/pages\/203\/revisions"}],"predecessor-version":[{"id":240,"href":"https:\/\/docencia.msaludsgo.gov.ar\/index.php\/wp-json\/wp\/v2\/pages\/203\/revisions\/240"}],"up":[{"embeddable":true,"href":"https:\/\/docencia.msaludsgo.gov.ar\/index.php\/wp-json\/wp\/v2\/pages\/2"}],"wp:attachment":[{"href":"https:\/\/docencia.msaludsgo.gov.ar\/index.php\/wp-json\/wp\/v2\/media?parent=203"}],"curies":[{"name":"wp","href":"https:\/\/api.w.org\/{rel}","templated":true}]}}